{"id":945,"date":"2021-06-23T12:24:42","date_gmt":"2021-06-23T09:24:42","guid":{"rendered":"http:\/\/u62590.www2.webdomain.fi\/?page_id=945"},"modified":"2022-08-30T08:53:54","modified_gmt":"2022-08-30T05:53:54","slug":"seuranta","status":"publish","type":"page","link":"https:\/\/liikenne.pohjanmaa.fi\/sv\/seuranta\/","title":{"rendered":"Uppf\u00f6ljning"},"content":{"rendered":"<p>\u00d6sterbottens f\u00f6rbund ansvarar f\u00f6r genomf\u00f6randet av planen och samordningen av dess uppf\u00f6ljning med st\u00f6d av landskapets styrgrupp f\u00f6r trafiksystemarbetet samt tre regionala trafiksystemarbetsgrupper, som alla sammankommer regelbundet. Grupperna bidrar till att fr\u00e4mja och f\u00f6lja upp de m\u00e5l och \u00e5tg\u00e4rder som fastst\u00e4llts i planen. De regionala arbetsgrupperna ansvarar ocks\u00e5 f\u00f6r precisering, ig\u00e5ngs\u00e4ttande och vid behov ocks\u00e5 f\u00f6r styrning av \u00e5tg\u00e4rderna i planen. Uppf\u00f6ljningen av m\u00e5luppfyllelsen bygger p\u00e5 en analys och analysrapportering som g\u00f6rs \u00e5rligen. F\u00f6r uppf\u00f6ljningen anlitas den regionala trafiksystemkoordinatorn. Landskapsstyrelsen tar \u00e5rligen st\u00e4llning till Trafikledsverkets planerings- och investeringsprogram genom att granska bl.a. spets\u00e5tg\u00e4rderna i landskapets trafiksystemplan, deras l\u00e4mplighet och aktualitet.<\/p>\n\n\n\n<p>N\u00f6dv\u00e4ndig omv\u00e4rldsbevakning och de reaktioner som den medf\u00f6r integreras i landskapets \u00f6vriga strategiska utveckling. Det \u00e4r viktigt att arbetsgrupperna vid behov kan reagera snabbt ifall det sker snabba f\u00f6r\u00e4ndringar i omv\u00e4rlden eller i finansieringsm\u00f6jligheterna.<\/p>\n\n\n\n<p>Eftersom det fortfarande \u00e4r oklart hur coronapandemin slutgiltigt kommer att p\u00e5verka anv\u00e4ndningen av kollektivtrafik och distansarbete b\u00f6r olika utvecklingstrender beaktas i uppf\u00f6ljningen av planen.<\/p>\n\n\n\n<p>Uppf\u00f6ljningen och sammankopplingen av den riksomfattande och de regionala trafiksystemplanerna backas upp av det riksomfattande trafiksystemforum som m\u00f6ts regelbundet samt de \u00e5rliga diskussioner som f\u00f6rs mellan regionala trafiksystemakt\u00f6rer i de landskap som samarbetar i trafiksystemfr\u00e5gor.<\/p>\n\n\n\n<p>Metoderna f\u00f6r bed\u00f6mning av den riksomfattande trafiksystemplanens konsekvenser f\u00f6renhetligas s\u00e5 att landskapsf\u00f6rbunden och kommunerna kan ta i bruk metoder som \u00e4r f\u00f6renliga med dem som anv\u00e4nds p\u00e5 riksniv\u00e5 bl.a. f\u00f6r att \u00f6ka transparensen i beslutsfattandet.  Detta g\u00f6r det ocks\u00e5 m\u00f6jligt att utveckla uppf\u00f6ljningen.<\/p>\n\n\n\n<h2>\u00d6vervakning av genomf\u00f6randet av \u00e5tg\u00e4rder<\/h2>\n\n\n\n<p>I tabellen och p\u00e5 kartan nedan visas transportsystemplanens \u00e5tg\u00e4rder och deras status.  <\/p>\n\n\n\n<!-- iframe plugin v.4.5 wordpress.org\/plugins\/iframe\/ -->\n<iframe height=\"800\" src=\"https:\/\/ostrobothnia.maps.arcgis.com\/apps\/instant\/basic\/index.html?appid=8cefb304c5584684b5fc66b1096fa8ae\" width=\"100%\" scrolling=\"yes\" class=\"iframe-class\" frameborder=\"0\"><\/iframe>\n\n\n\n\n<!-- iframe plugin v.4.5 wordpress.org\/plugins\/iframe\/ -->\n<iframe height=\"1000\" src=\"https:\/\/www.arcgis.com\/apps\/dashboards\/3ca372a0a4764fc48361be57162c67c1\" width=\"100%\" scrolling=\"yes\" class=\"iframe-class\" frameborder=\"0\"><\/iframe>\n\n\n\n\n<p>De f\u00e4rdiga planerna f\u00f6r Vasa f\u00f6rbindelsev\u00e4g finns <a href=\"https:\/\/vayla.fi\/vt-8-ja-mt-724-vaasan-yhdystie\" target=\"_blank\" rel=\"noreferrer noopener\">p\u00e5 Trafikledsverkets hemsida<\/a>.<\/p>","protected":false},"excerpt":{"rendered":"<p>Toimenpiteiden toteutumisen seuranta Liikennej\u00e4rjestelm\u00e4suunnitelman toimenpiteit\u00e4 ja niiden valmiusastetta on esitetty alla olevalla kartalla ja taulukossa. Vaasan yhdystien kokonaisuuden valmiit suunnitelmat l\u00f6ytyv\u00e4t V\u00e4yl\u00e4viraston sivuilta.<\/p>","protected":false},"author":1,"featured_media":0,"parent":0,"menu_order":0,"comment_status":"closed","ping_status":"closed","template":"","meta":{"neve_meta_sidebar":"full-width","neve_meta_container":"","neve_meta_enable_content_width":"on","neve_meta_content_width":100,"neve_meta_title_alignment":"","neve_meta_author_avatar":"","neve_post_elements_order":"","neve_meta_disable_header":"","neve_meta_disable_footer":"","neve_meta_disable_title":"","_themeisle_gutenberg_block_has_review":false},"_links":{"self":[{"href":"https:\/\/liikenne.pohjanmaa.fi\/sv\/wp-json\/wp\/v2\/pages\/945"}],"collection":[{"href":"https:\/\/liikenne.pohjanmaa.fi\/sv\/wp-json\/wp\/v2\/pages"}],"about":[{"href":"https:\/\/liikenne.pohjanmaa.fi\/sv\/wp-json\/wp\/v2\/types\/page"}],"author":[{"embeddable":true,"href":"https:\/\/liikenne.pohjanmaa.fi\/sv\/wp-json\/wp\/v2\/users\/1"}],"replies":[{"embeddable":true,"href":"https:\/\/liikenne.pohjanmaa.fi\/sv\/wp-json\/wp\/v2\/comments?post=945"}],"version-history":[{"count":11,"href":"https:\/\/liikenne.pohjanmaa.fi\/sv\/wp-json\/wp\/v2\/pages\/945\/revisions"}],"predecessor-version":[{"id":1797,"href":"https:\/\/liikenne.pohjanmaa.fi\/sv\/wp-json\/wp\/v2\/pages\/945\/revisions\/1797"}],"wp:attachment":[{"href":"https:\/\/liikenne.pohjanmaa.fi\/sv\/wp-json\/wp\/v2\/media?parent=945"}],"curies":[{"name":"wp","href":"https:\/\/api.w.org\/{rel}","templated":true}]}}