{"id":5,"date":"2020-01-13T11:17:52","date_gmt":"2020-01-13T11:17:52","guid":{"rendered":"https:\/\/demosites.io\/web-agency-gb\/?page_id=5"},"modified":"2022-06-14T12:12:17","modified_gmt":"2022-06-14T09:12:17","slug":"15c42-web-agency-gb-home","status":"publish","type":"page","link":"https:\/\/liikenne.pohjanmaa.fi\/sv\/","title":{"rendered":"Etusivu"},"content":{"rendered":"<div class=\"wp-block-cover alignfull\"><span aria-hidden=\"true\" class=\"wp-block-cover__background has-neve-link-hover-color-background-color has-background-dim-100 has-background-dim\"><\/span><div class=\"wp-block-cover__inner-container\">\n<p class=\"has-text-align-center has-large-font-size\"> <\/p>\n\n\n\n<div style=\"height:118px\" aria-hidden=\"true\" class=\"wp-block-spacer\"><\/div>\n\n\n\n<h1 class=\"has-text-align-center has-neve-text-color-color has-text-color\" style=\"font-size:70px\"><strong>\u00d6sterbottens<\/strong> <strong>trafiksystemplan 2050<\/strong><\/h1>\n\n\n\n<div style=\"height:77px\" aria-hidden=\"true\" class=\"wp-block-spacer\"><\/div>\n\n\n\n<h2 class=\"has-text-align-center\"><mark style=\"background-color:rgba(0, 0, 0, 0)\" class=\"has-inline-color has-neve-link-color-color\">V\u00e4lkommen att studera \u00d6sterbottens trafiksystemplan, som publicerats h\u00e4r i b\u00f6rjan av 2022.<\/mark><\/h2>\n\n\n\n<div style=\"height:72px\" aria-hidden=\"true\" class=\"wp-block-spacer\"><\/div>\n\n\n\n<div class=\"wp-container-5 wp-block-columns\">\n<div class=\"wp-container-2 wp-block-column\">\n<div class=\"wp-container-1 is-content-justification-right wp-block-buttons\">\n<div class=\"wp-block-button alignright has-custom-width wp-block-button__width-50 has-custom-font-size is-style-default\" style=\"font-size:25px\"><a class=\"wp-block-button__link has-nv-site-bg-color has-nv-dark-bg-background-color has-text-color has-background\" href=\"http:\/\/liikenne.pohjanmaa.fi\/sv\/visio-tavoitteet\/\" target=\"_blank\" rel=\"noreferrer noopener\">TILL VISION OCH M\u00c5L<\/a><\/div>\n<\/div>\n<\/div>\n\n\n\n<div class=\"wp-container-4 wp-block-column\">\n<div class=\"wp-container-3 wp-block-buttons\">\n<div class=\"wp-block-button has-custom-width wp-block-button__width-50 has-custom-font-size is-style-default\" style=\"font-size:25px\"><a class=\"wp-block-button__link has-nv-site-bg-color has-nv-dark-bg-background-color has-text-color has-background\" href=\"http:\/\/liikenne.pohjanmaa.fi\/sv\/toimenpiteet\/\" target=\"_blank\" rel=\"noreferrer noopener\">TILL \u00c5TG\u00c4RDSPROGRAMMET<\/a><\/div>\n<\/div>\n<\/div>\n<\/div>\n\n\n\n<div class=\"wp-container-8 wp-block-columns\">\n<div class=\"wp-container-7 wp-block-column\" style=\"flex-basis:100%\">\n<div class=\"wp-container-6 wp-block-buttons\"><\/div>\n<\/div>\n<\/div>\n<\/div><\/div>\n\n\n\n<div class=\"wp-block-cover\" style=\"min-height:120px\"><span aria-hidden=\"true\" class=\"wp-block-cover__background has-nv-site-bg-background-color has-background-dim-100 has-background-dim\"><\/span><div class=\"wp-block-cover__inner-container\">\n<p class=\"has-text-align-center has-large-font-size\"><\/p>\n<\/div><\/div>\n\n\n\n<div class=\"wp-container-13 wp-block-columns\">\n<div class=\"wp-container-11 wp-block-column is-vertically-aligned-top\">\n<div class=\"wp-container-9 wp-block-group\"><div class=\"wp-block-group__inner-container\">\n<p class=\"has-medium-font-size\">\u00d6sterbottens nya trafiksystemplan publicerades p\u00e5 v\u00e5ren 2022. Planen tar sikte p\u00e5 \u00e5r 2050 och \u00e4r uppbyggd kring strategiska m\u00e5l. <\/p>\n\n\n\n<p class=\"has-nv-dark-bg-color has-text-color translation-block\"><a rel=\"noreferrer noopener\" href=\"https:\/\/www.obotnia.fi\/assets\/pohjanmaan-ljs-web-2014-05-12.pdf\" target=\"_blank\">F\u00f6reg\u00e5ende trafiksystemplan f\u00f6r \u00d6sterbotten<\/a> f\u00e4rdigst\u00e4lldes 2014. I den planen ing\u00e5r en omfattande beskrivning av nul\u00e4get som till stora delar fortfarande \u00e4r aktuell. D\u00e4rf\u00f6r har trafiksystemets tillst\u00e5nd i den nya planen granskats endast vad g\u00e4ller de strategiska m\u00e5len.<\/p>\n\n\n\n<p class=\"has-neve-text-color-color has-text-color translation-block\">Visionen och m\u00e5len i den h\u00e4r planen godk\u00e4ndes av landskapsstyrelsen i mars 2021. M\u00e5len i planen utg\u00e5r fr\u00e5n m\u00e5len i den riksomfattande trafiksystemplanen, <a href=\"https:\/\/valtioneuvosto.fi\/hanke?tunnus=LVM018:00\/2019\" data-type=\"URL\" data-id=\"https:\/\/valtioneuvosto.fi\/hanke?tunnus=LVM018:00\/2019\" target=\"_blank\" rel=\"noreferrer noopener\">Trafik12<\/a>, men ur \u00f6sterbottnisk synvinkel.<\/p>\n\n\n\n<p>Planen f\u00f6ljs upp av landskapets trafiksystemarbetsgrupp som leds av trafikexpert Tero Voldi vid \u00d6sterbottens f\u00f6rbund.<\/p>\n<\/div><\/div>\n\n\n\n<div class=\"wp-container-10 wp-block-buttons\">\n<div class=\"wp-block-button is-style-primary\"><a class=\"wp-block-button__link has-neve-link-color-color has-neve-link-hover-color-background-color has-text-color has-background\" href=\"http:\/\/liikenne.pohjanmaa.fi\/wp-content\/uploads\/2022\/06\/Esite_SV.pdf\" style=\"border-radius:10px\" target=\"_blank\" rel=\"noreferrer noopener\">\u00d6PPNA PLANEN SOM BROSCHYR<\/a><\/div>\n\n\n\n<div class=\"wp-block-button is-style-primary\"><a class=\"wp-block-button__link has-neve-link-color-color has-neve-link-hover-color-background-color has-text-color has-background\" href=\"http:\/\/liikenne.pohjanmaa.fi\/sv\/suunnitelman-tulostettava-versio\/\" style=\"border-radius:10px\" target=\"_blank\" rel=\"noreferrer noopener\">\u00d6PPNA PLANEN F\u00d6R UTSKRIFT <\/a><\/div>\n<\/div>\n<\/div>\n\n\n\n<div class=\"wp-container-12 wp-block-column is-vertically-aligned-center\"><div class=\"wp-block-image is-style-default\">\n<figure class=\"aligncenter size-large\"><a href=\"http:\/\/u62590.www2.webdomain.fi\/wp-content\/uploads\/2021\/12\/Europakarta_RGB_20211201-scaled.jpg\"><img loading=\"lazy\" width=\"1024\" height=\"828\" src=\"http:\/\/u62590.www2.webdomain.fi\/wp-content\/uploads\/2021\/12\/Europakarta_RGB_20211201-1024x828.jpg\" alt=\"\" class=\"wp-image-1596\" srcset=\"https:\/\/liikenne.pohjanmaa.fi\/wp-content\/uploads\/2021\/12\/Europakarta_RGB_20211201-1024x828.jpg 1024w, https:\/\/liikenne.pohjanmaa.fi\/wp-content\/uploads\/2021\/12\/Europakarta_RGB_20211201-300x243.jpg 300w, https:\/\/liikenne.pohjanmaa.fi\/wp-content\/uploads\/2021\/12\/Europakarta_RGB_20211201-768x621.jpg 768w, https:\/\/liikenne.pohjanmaa.fi\/wp-content\/uploads\/2021\/12\/Europakarta_RGB_20211201-1536x1242.jpg 1536w, https:\/\/liikenne.pohjanmaa.fi\/wp-content\/uploads\/2021\/12\/Europakarta_RGB_20211201-2048x1656.jpg 2048w, https:\/\/liikenne.pohjanmaa.fi\/wp-content\/uploads\/2021\/12\/Europakarta_RGB_20211201-15x12.jpg 15w\" sizes=\"(max-width: 1024px) 100vw, 1024px\" \/><\/a><figcaption>Internationella f\u00f6rbindelser<\/figcaption><\/figure><\/div><\/div>\n<\/div>\n\n\n<div class=\"wp-block-image\">\n<figure class=\"aligncenter size-large is-resized\"><img loading=\"lazy\" src=\"http:\/\/u62590.www2.webdomain.fi\/wp-content\/uploads\/2021\/01\/logot_yhdessa-1024x107.png\" alt=\"\" class=\"wp-image-307\" width=\"628\" height=\"66\" srcset=\"https:\/\/liikenne.pohjanmaa.fi\/wp-content\/uploads\/2021\/01\/logot_yhdessa-1024x107.png 1024w, https:\/\/liikenne.pohjanmaa.fi\/wp-content\/uploads\/2021\/01\/logot_yhdessa-300x31.png 300w, https:\/\/liikenne.pohjanmaa.fi\/wp-content\/uploads\/2021\/01\/logot_yhdessa-768x80.png 768w, https:\/\/liikenne.pohjanmaa.fi\/wp-content\/uploads\/2021\/01\/logot_yhdessa-1536x160.png 1536w, https:\/\/liikenne.pohjanmaa.fi\/wp-content\/uploads\/2021\/01\/logot_yhdessa.png 1969w\" sizes=\"(max-width: 628px) 100vw, 628px\" \/><\/figure><\/div>\n\n\n<p><\/p>","protected":false},"excerpt":{"rendered":"","protected":false},"author":1,"featured_media":0,"parent":0,"menu_order":0,"comment_status":"closed","ping_status":"closed","template":"","meta":{"neve_meta_sidebar":"default","neve_meta_container":"default","neve_meta_enable_content_width":"on","neve_meta_content_width":100,"neve_meta_title_alignment":"","neve_meta_author_avatar":"","neve_post_elements_order":"","neve_meta_disable_header":"","neve_meta_disable_footer":"","neve_meta_disable_title":"on","_themeisle_gutenberg_block_has_review":false},"_links":{"self":[{"href":"https:\/\/liikenne.pohjanmaa.fi\/sv\/wp-json\/wp\/v2\/pages\/5"}],"collection":[{"href":"https:\/\/liikenne.pohjanmaa.fi\/sv\/wp-json\/wp\/v2\/pages"}],"about":[{"href":"https:\/\/liikenne.pohjanmaa.fi\/sv\/wp-json\/wp\/v2\/types\/page"}],"author":[{"embeddable":true,"href":"https:\/\/liikenne.pohjanmaa.fi\/sv\/wp-json\/wp\/v2\/users\/1"}],"replies":[{"embeddable":true,"href":"https:\/\/liikenne.pohjanmaa.fi\/sv\/wp-json\/wp\/v2\/comments?post=5"}],"version-history":[{"count":121,"href":"https:\/\/liikenne.pohjanmaa.fi\/sv\/wp-json\/wp\/v2\/pages\/5\/revisions"}],"predecessor-version":[{"id":1794,"href":"https:\/\/liikenne.pohjanmaa.fi\/sv\/wp-json\/wp\/v2\/pages\/5\/revisions\/1794"}],"wp:attachment":[{"href":"https:\/\/liikenne.pohjanmaa.fi\/sv\/wp-json\/wp\/v2\/media?parent=5"}],"curies":[{"name":"wp","href":"https:\/\/api.w.org\/{rel}","templated":true}]}}