{"id":463,"date":"2021-06-16T10:56:21","date_gmt":"2021-06-16T07:56:21","guid":{"rendered":"http:\/\/u62590.www2.webdomain.fi\/?page_id=463"},"modified":"2021-11-05T14:50:02","modified_gmt":"2021-11-05T12:50:02","slug":"visio-tavoitteet","status":"publish","type":"page","link":"https:\/\/liikenne.pohjanmaa.fi\/sv\/visio-tavoitteet\/","title":{"rendered":"Vision f\u00f6r \u00d6sterbottens trafiksystem 2050"},"content":{"rendered":"<p><em>Landskapsstyrelsen i \u00d6sterbotten har godk\u00e4nt visionen och m\u00e5len i mars 2020.<\/em><\/p>\n\n\n\n<div class=\"wp-container-3 wp-block-columns are-vertically-aligned-center\">\n<div class=\"wp-container-1 wp-block-column is-vertically-aligned-center\">\n<h1 class=\"has-text-align-center\">Det innovativa trafiksystemet st\u00f6djer \nden internationella konkurrenskraften \ni \u00d6sterbotten och st\u00e4rker landskapets attraktionskraft genom att m\u00f6jligg\u00f6ra \nen smidig och trygg vardag f\u00f6r alla.<\/h1>\n<\/div>\n\n\n\n<div class=\"wp-container-2 wp-block-column is-vertically-aligned-center\">\n<div class=\"wp-block-image\"><figure class=\"aligncenter size-large\"><a href=\"http:\/\/liikenne.pohjanmaa.fi\/wp-content\/uploads\/2022\/03\/yhteysvalit3.png\"><img loading=\"lazy\" width=\"1008\" height=\"1024\" src=\"http:\/\/liikenne.pohjanmaa.fi\/wp-content\/uploads\/2022\/03\/yhteysvalit3-1008x1024.png\" alt=\"\" class=\"wp-image-1670\" srcset=\"https:\/\/liikenne.pohjanmaa.fi\/wp-content\/uploads\/2022\/03\/yhteysvalit3-1008x1024.png 1008w, https:\/\/liikenne.pohjanmaa.fi\/wp-content\/uploads\/2022\/03\/yhteysvalit3-295x300.png 295w, https:\/\/liikenne.pohjanmaa.fi\/wp-content\/uploads\/2022\/03\/yhteysvalit3-768x780.png 768w, https:\/\/liikenne.pohjanmaa.fi\/wp-content\/uploads\/2022\/03\/yhteysvalit3-1512x1536.png 1512w, https:\/\/liikenne.pohjanmaa.fi\/wp-content\/uploads\/2022\/03\/yhteysvalit3-2016x2048.png 2016w, https:\/\/liikenne.pohjanmaa.fi\/wp-content\/uploads\/2022\/03\/yhteysvalit3-12x12.png 12w\" sizes=\"(max-width: 1008px) 100vw, 1008px\" \/><\/a><\/figure><\/div>\n\n\n\n<p><\/p>\n<\/div>\n<\/div>\n\n\n\n<div class=\"wp-container-4 wp-block-group\"><div class=\"wp-block-group__inner-container\">\n<p> <\/p>\n\n\n\n<hr class=\"wp-block-separator has-text-color has-nv-dark-bg-color has-css-opacity has-nv-dark-bg-background-color has-background is-style-wide\"\/>\n\n\n\n<h1>M\u00e5l f\u00f6r \u00d6sterbottens trafiksystem 2050<\/h1>\n\n\n\n<h2><mark style=\"background-color:rgba(0, 0, 0, 0)\" class=\"has-inline-color has-neve-text-color-color\"><strong>\u00c5r 2050 ska \u00d6sterbottens trafiksystem\u2026<\/strong><\/mark><\/h2>\n\n\n\n<h2 class=\"has-nv-c-2-background-color has-background\"><strong>\u2026 s\u00e4kerst\u00e4lla landskapets externa och interna tillg\u00e4nglighet<\/strong><\/h2>\n\n\n\n<p class=\"has-neve-text-color-color has-text-color has-normal-font-size\">\u2022 Exportf\u00f6retagens transportkedjor har en serviceniv\u00e5 som h\u00e5ller nationell toppniv\u00e5<br>\u2022 Konkurrenskraftiga internationella och nationella f\u00f6rbindelser har s\u00e4kerst\u00e4llts f\u00f6r persontrafiken<br>\u2022 F\u00f6rbindelserna mellan centra \u00e4r snabba och smidiga<br>\u2022 Innovativa trafiktj\u00e4nster p\u00e5 landsbygden och i st\u00e4derna underl\u00e4ttar mobiliteten f\u00f6r alla<br>\u2022 Trafiksystemet reagerar effektivt p\u00e5 f\u00f6r\u00e4ndringar i mobilitets- och transportbehoven<\/p>\n\n\n\n<h2 class=\"has-neve-link-color-color has-nv-c-1-background-color has-text-color has-background\">\u2026 vara socialt och ekologiskt h\u00e5llbart<\/h2>\n\n\n\n<p class=\"has-normal-font-size\">\u2022 Trafiksystemet m\u00f6jligg\u00f6r tillg\u00e4ngliga och sammanh\u00e4ngande resekedjor<br>\u2022 Trafiksystemet betj\u00e4nar olika brukar- och befolkningsgrupper j\u00e4mlikt<br>\u2022 Olika former av l\u00e4tt trafik \u00e4r de mest lockande f\u00e4rds\u00e4tten p\u00e5 korta str\u00e4ckor<br>\u2022 Trafiksystemet \u00e4r koldioxidneutralt och en f\u00f6reg\u00e5ngare inom energi- och materialeffektivitet <br>\u2022 Naturens m\u00e5ngfald beaktas vid planering och genomf\u00f6rande av trafikprojekt<br>\u2022 Vid planering av omk\u00f6rningsfiler borde v\u00e4rdefull jordbruksmark undvikas att exploateras<\/p>\n\n\n\n<h2 class=\"has-neve-link-color-color has-neve-link-hover-color-background-color has-text-color has-background\">\u2026 vara tryggt och effektivt<\/h2>\n\n\n\n<p class=\"has-normal-font-size\">\u2022 Ett t\u00e4ckande och effektivt trafikledsn\u00e4t m\u00f6jligg\u00f6r smidiga och trygga f\u00f6rbindelser \u00e5t alla samt utveckling av f\u00f6retagsverksamheten i hela landskapet<br>\u2022 Utvecklingen av markanv\u00e4ndning, boende, tj\u00e4nster och n\u00e4ringsliv har samordnats effektivt med den \u00f6vergripande trafiksystemplaneringen p\u00e5 alla niv\u00e5er<br>\u2022 Samh\u00e4llsekonomisk effektivitet f\u00f6rverkligas f\u00f6r f\u00f6retag, hush\u00e5ll och den offentliga sektorn<\/p>\n\n\n\n<hr class=\"wp-block-separator has-text-color has-nv-dark-bg-color has-css-opacity has-nv-dark-bg-background-color has-background is-style-wide\"\/>\n\n\n\n<p><\/p>\n<\/div><\/div>","protected":false},"excerpt":{"rendered":"","protected":false},"author":1,"featured_media":0,"parent":0,"menu_order":0,"comment_status":"closed","ping_status":"closed","template":"","meta":{"neve_meta_sidebar":"full-width","neve_meta_container":"","neve_meta_enable_content_width":"on","neve_meta_content_width":100,"neve_meta_title_alignment":"left","neve_meta_author_avatar":"","neve_post_elements_order":"","neve_meta_disable_header":"off","neve_meta_disable_footer":"","neve_meta_disable_title":"off","_themeisle_gutenberg_block_has_review":false},"_links":{"self":[{"href":"https:\/\/liikenne.pohjanmaa.fi\/sv\/wp-json\/wp\/v2\/pages\/463"}],"collection":[{"href":"https:\/\/liikenne.pohjanmaa.fi\/sv\/wp-json\/wp\/v2\/pages"}],"about":[{"href":"https:\/\/liikenne.pohjanmaa.fi\/sv\/wp-json\/wp\/v2\/types\/page"}],"author":[{"embeddable":true,"href":"https:\/\/liikenne.pohjanmaa.fi\/sv\/wp-json\/wp\/v2\/users\/1"}],"replies":[{"embeddable":true,"href":"https:\/\/liikenne.pohjanmaa.fi\/sv\/wp-json\/wp\/v2\/comments?post=463"}],"version-history":[{"count":47,"href":"https:\/\/liikenne.pohjanmaa.fi\/sv\/wp-json\/wp\/v2\/pages\/463\/revisions"}],"predecessor-version":[{"id":1499,"href":"https:\/\/liikenne.pohjanmaa.fi\/sv\/wp-json\/wp\/v2\/pages\/463\/revisions\/1499"}],"wp:attachment":[{"href":"https:\/\/liikenne.pohjanmaa.fi\/sv\/wp-json\/wp\/v2\/media?parent=463"}],"curies":[{"name":"wp","href":"https:\/\/api.w.org\/{rel}","templated":true}]}}